{"id":1373,"date":"2019-08-06T20:38:38","date_gmt":"2019-08-06T20:38:38","guid":{"rendered":"https:\/\/www.ecopumpservices.com\/?page_id=1373"},"modified":"2023-03-24T09:08:50","modified_gmt":"2023-03-24T09:08:50","slug":"miami-dade-pluvial-drenaje-limpieza","status":"publish","type":"page","link":"https:\/\/www.ecopumpservices.com\/es\/miami-dade-pluvial-drenaje-limpieza\/","title":{"rendered":"Servicio de Limpieza de Drenaje Pluvial en el Condado de Miami \u2013 Dade"},"content":{"rendered":"<h1>Servicio de Limpieza de Drenaje Pluvial en el Condado de Miami \u2013 Dade<\/h1>\n<p>Las empresas y los residentes del Condado de Miami-Dade no son ajenos a las fuertes lluvias y las violentas tormentas. Cuando la lluvia y el viento golpean el \u00e1rea, todos dependemos del buen funcionamiento de los desag\u00fces pluviales para permitir que el agua fluya por las calles y \u00e1reas de estacionamiento. Cuando las hojas, palos y otros escombros obstruyen los desag\u00fces pluviales y evitan el drenaje, el \u00e1rea pavimentada puede inundarse r\u00e1pidamente. Eco Pump Services es su empresa local para bombear y limpiar el drenaje de aguas de tormentas de manera r\u00e1pida y completa en el \u00e1rea metropolitana de Miami.<\/p>\n<p>Los huracanes y fuertes tormentas son frecuentes en el condado de Miami-Dade. Los negocios y los municipios locales deben mantener los sistemas de drenaje en perfectas condiciones para garantizar que, cuando se producen estas fuertes lluvias, las calles y las \u00e1reas de estacionamiento no se vuelvan inaccesibles debido a las inundaciones. Los desag\u00fces pluviales se atascar\u00e1n con escombros, pero el mantenimiento preventivo puede ayudar a conservarlos limpios y libres de basura. Eco Pump Services le ofrece el servicio para la limpieza de desag\u00fces pluviales como medida preventiva o para eliminar los escombros cuando estos se obstruyen.<\/p>\n<h2>Eliminaci\u00f3n de Obstrucciones en el Drenaje Pluvial<\/h2>\n<p>Eco Pump Services ha estado en el negocio por m\u00e1s de 25 a\u00f1os con el equipo necesario para desatascar los desag\u00fces pluviales. Contamos con camiones cisterna y equipos de bombeo que eliminar\u00e1n hojas mojadas, palos, suciedad y escombros de los desag\u00fces pluviales. Una vez que bombeamos el desag\u00fce pluvial y eliminamos los residuos grandes, utilizamos agua a alta presi\u00f3n para limpiarlos completamente. Esto elimina cualquier obstrucci\u00f3n o evita que ocurran en un futuro pr\u00f3ximo, lo que permite un drenaje adecuado en las calles y \u00e1reas de estacionamiento.<\/p>\n<p>Los negocios, las asociaciones de propietarios y las agencias gubernamentales locales pueden confiar en Eco Pump Services cuando necesiten la extracci\u00f3n y limpieza de desag\u00fces pluviales preventivos o de emergencia dentro del Condado de Miami-Dade. Estamos autorizados y capacitados para realizar la limpieza de desag\u00fces pluviales, interceptores de grasa, l\u00edneas de alcantarillado y fosas s\u00e9pticas. Ll\u00e1menos para recibir una cotizaci\u00f3n gratuita o para programar uno de nuestros servicios.<\/p>\n","protected":false},"excerpt":{"rendered":"<p>Servicio de Limpieza de Drenaje Pluvial en el Condado de Miami \u2013 Dade Las empresas y los residentes del Condado de Miami-Dade no son ajenos a las fuertes lluvias y las violentas tormentas. Cuando la lluvia y el viento golpean el \u00e1rea, todos dependemos del buen funcionamiento de los desag\u00fces pluviales para permitir que el&#8230; <a href=\"https:\/\/www.ecopumpservices.com\/es\/miami-dade-pluvial-drenaje-limpieza\/\" class=\"readmore\">Continue Reading<\/a><\/p>\n","protected":false},"author":1,"featured_media":0,"parent":1356,"menu_order":0,"comment_status":"closed","ping_status":"closed","template":"template-fullwidth.php","meta":{"_acf_changed":false,"footnotes":""},"class_list":["post-1373","page","type-page","status-publish"],"acf":[],"yoast_head":"<!-- This site is optimized with the Yoast SEO plugin v25.5 - https:\/\/yoast.com\/wordpress\/plugins\/seo\/ -->\n<title>Contratista de Limpieza de Drenajes Pluviales en Miami, Fl | Servicio de Drenaje Pluvial en el Condado de Dade<\/title>\n<meta name=\"description\" content=\"\u00bfTiene una calle o estacionamiento que est\u00e1 inundado debido a un drenaje pluvial obstruido? Eco Pump Services ofrece bombeo y limpieza de drenaje pluvial para el Condado de Miami-Dade, Florida. Ll\u00e1menos para un servicio de rutina o para limpiar un drenaje pluvial obstruido.\" \/>\n<meta name=\"robots\" content=\"index, follow, max-snippet:-1, max-image-preview:large, max-video-preview:-1\" \/>\n<link rel=\"canonical\" href=\"https:\/\/www.ecopumpservices.com\/es\/miami-dade-pluvial-drenaje-limpieza\/\" \/>\n<meta property=\"og:locale\" content=\"es_ES\" \/>\n<meta property=\"og:type\" content=\"article\" \/>\n<meta property=\"og:title\" content=\"Contratista de Limpieza de Drenajes Pluviales en Miami, Fl | Servicio de Drenaje Pluvial en el Condado de Dade\" \/>\n<meta property=\"og:description\" content=\"\u00bfTiene una calle o estacionamiento que est\u00e1 inundado debido a un drenaje pluvial obstruido? Eco Pump Services ofrece bombeo y limpieza de drenaje pluvial para el Condado de Miami-Dade, Florida. Ll\u00e1menos para un servicio de rutina o para limpiar un drenaje pluvial obstruido.\" \/>\n<meta property=\"og:url\" content=\"https:\/\/www.ecopumpservices.com\/es\/miami-dade-pluvial-drenaje-limpieza\/\" \/>\n<meta property=\"og:site_name\" content=\"Eco Pump Services\" \/>\n<meta property=\"article:modified_time\" content=\"2023-03-24T09:08:50+00:00\" \/>\n<meta name=\"twitter:card\" content=\"summary_large_image\" \/>\n<meta name=\"twitter:label1\" content=\"Tiempo de lectura\" \/>\n\t<meta name=\"twitter:data1\" content=\"2 minutos\" \/>\n<!-- \/ Yoast SEO plugin. -->","yoast_head_json":{"title":"Contratista de Limpieza de Drenajes Pluviales en Miami, Fl | Servicio de Drenaje Pluvial en el Condado de Dade","description":"\u00bfTiene una calle o estacionamiento que est\u00e1 inundado debido a un drenaje pluvial obstruido? Eco Pump Services ofrece bombeo y limpieza de drenaje pluvial para el Condado de Miami-Dade, Florida. Ll\u00e1menos para un servicio de rutina o para limpiar un drenaje pluvial obstruido.","robots":{"index":"index","follow":"follow","max-snippet":"max-snippet:-1","max-image-preview":"max-image-preview:large","max-video-preview":"max-video-preview:-1"},"canonical":"https:\/\/www.ecopumpservices.com\/es\/miami-dade-pluvial-drenaje-limpieza\/","og_locale":"es_ES","og_type":"article","og_title":"Contratista de Limpieza de Drenajes Pluviales en Miami, Fl | Servicio de Drenaje Pluvial en el Condado de Dade","og_description":"\u00bfTiene una calle o estacionamiento que est\u00e1 inundado debido a un drenaje pluvial obstruido? Eco Pump Services ofrece bombeo y limpieza de drenaje pluvial para el Condado de Miami-Dade, Florida. Ll\u00e1menos para un servicio de rutina o para limpiar un drenaje pluvial obstruido.","og_url":"https:\/\/www.ecopumpservices.com\/es\/miami-dade-pluvial-drenaje-limpieza\/","og_site_name":"Eco Pump Services","article_modified_time":"2023-03-24T09:08:50+00:00","twitter_card":"summary_large_image","twitter_misc":{"Tiempo de lectura":"2 minutos"},"schema":{"@context":"https:\/\/schema.org","@graph":[{"@type":"WebPage","@id":"https:\/\/www.ecopumpservices.com\/es\/miami-dade-pluvial-drenaje-limpieza\/","url":"https:\/\/www.ecopumpservices.com\/es\/miami-dade-pluvial-drenaje-limpieza\/","name":"Contratista de Limpieza de Drenajes Pluviales en Miami, Fl | Servicio de Drenaje Pluvial en el Condado de Dade","isPartOf":{"@id":"https:\/\/www.ecopumpservices.com\/es\/#website"},"datePublished":"2019-08-06T20:38:38+00:00","dateModified":"2023-03-24T09:08:50+00:00","description":"\u00bfTiene una calle o estacionamiento que est\u00e1 inundado debido a un drenaje pluvial obstruido? Eco Pump Services ofrece bombeo y limpieza de drenaje pluvial para el Condado de Miami-Dade, Florida. Ll\u00e1menos para un servicio de rutina o para limpiar un drenaje pluvial obstruido.","breadcrumb":{"@id":"https:\/\/www.ecopumpservices.com\/es\/miami-dade-pluvial-drenaje-limpieza\/#breadcrumb"},"inLanguage":"es","potentialAction":[{"@type":"ReadAction","target":["https:\/\/www.ecopumpservices.com\/es\/miami-dade-pluvial-drenaje-limpieza\/"]}]},{"@type":"BreadcrumbList","@id":"https:\/\/www.ecopumpservices.com\/es\/miami-dade-pluvial-drenaje-limpieza\/#breadcrumb","itemListElement":[{"@type":"ListItem","position":1,"name":"Home","item":"https:\/\/www.ecopumpservices.com\/es\/"},{"@type":"ListItem","position":2,"name":"Servicios","item":"https:\/\/www.ecopumpservices.com\/es\/servicios\/"},{"@type":"ListItem","position":3,"name":"Limpieza de Drenaje Pluvial","item":"https:\/\/www.ecopumpservices.com\/es\/pluvial-desague-limpieza\/"},{"@type":"ListItem","position":4,"name":"Servicio de Limpieza de Drenaje Pluvial en el Condado de Miami \u2013 Dade"}]},{"@type":"WebSite","@id":"https:\/\/www.ecopumpservices.com\/es\/#website","url":"https:\/\/www.ecopumpservices.com\/es\/","name":"Eco Pump Services","description":"","potentialAction":[{"@type":"SearchAction","target":{"@type":"EntryPoint","urlTemplate":"https:\/\/www.ecopumpservices.com\/es\/?s={search_term_string}"},"query-input":{"@type":"PropertyValueSpecification","valueRequired":true,"valueName":"search_term_string"}}],"inLanguage":"es"}]}},"_links":{"self":[{"href":"https:\/\/www.ecopumpservices.com\/es\/wp-json\/wp\/v2\/pages\/1373","targetHints":{"allow":["GET"]}}],"collection":[{"href":"https:\/\/www.ecopumpservices.com\/es\/wp-json\/wp\/v2\/pages"}],"about":[{"href":"https:\/\/www.ecopumpservices.com\/es\/wp-json\/wp\/v2\/types\/page"}],"author":[{"embeddable":true,"href":"https:\/\/www.ecopumpservices.com\/es\/wp-json\/wp\/v2\/users\/1"}],"replies":[{"embeddable":true,"href":"https:\/\/www.ecopumpservices.com\/es\/wp-json\/wp\/v2\/comments?post=1373"}],"version-history":[{"count":2,"href":"https:\/\/www.ecopumpservices.com\/es\/wp-json\/wp\/v2\/pages\/1373\/revisions"}],"predecessor-version":[{"id":1426,"href":"https:\/\/www.ecopumpservices.com\/es\/wp-json\/wp\/v2\/pages\/1373\/revisions\/1426"}],"up":[{"embeddable":true,"href":"https:\/\/www.ecopumpservices.com\/es\/wp-json\/wp\/v2\/pages\/1356"}],"wp:attachment":[{"href":"https:\/\/www.ecopumpservices.com\/es\/wp-json\/wp\/v2\/media?parent=1373"}],"curies":[{"name":"wp","href":"https:\/\/api.w.org\/{rel}","templated":true}]}}