{"id":1370,"date":"2019-08-06T20:37:40","date_gmt":"2019-08-06T20:37:40","guid":{"rendered":"https:\/\/www.ecopumpservices.com\/?page_id=1370"},"modified":"2023-03-24T09:26:06","modified_gmt":"2023-03-24T09:26:06","slug":"condado-de-miami-dade-limpieza-bombeo-e-inspecciones-de-la-trampa-de-grasa","status":"publish","type":"page","link":"https:\/\/www.ecopumpservices.com\/es\/miami-dade-trampa-grasa\/","title":{"rendered":"Condado de Miami \u2013 Dade: Limpieza, Bombeo e Inspecciones de la Trampa de Grasa"},"content":{"rendered":"<h1>Condado de Miami \u2013 Dade: Limpieza, Bombeo e Inspecciones de la Trampa de Grasa<\/h1>\n<p>\u00bfEs due\u00f1o de un establecimiento de comida en el condado de Miami-Dade? Si necesita limpieza, bombeo e inspecciones confiables de trampas de grasa para su negocio, puede confiar en nuestros expertos en Eco Pump Services. Estamos autorizados y cualificados para realizar mantenimiento de rutina y reparaciones en interceptores de grasa comerciales. Nuestra compa\u00f1\u00eda ha brindado un excelente servicio a todos nuestros clientes en Florida durante m\u00e1s de 25 a\u00f1os.<\/p>\n<p>En la mayor\u00eda de los establecimientos de alimentos en el Condado de Dade se requieren interceptores o trampas de grasa. Estos sistemas de filtrado recolectan grasa y part\u00edculas de alimentos de las aguas residuales para mantenerlos fuera del sistema de tratamiento de residuos municipales. Esto ayuda a reducir los problemas de obstrucci\u00f3n por el exceso de grasa en las l\u00edneas de alcantarillado y en el sistema de tratamiento de aguas. Los interceptores de grasa a menudo est\u00e1n bajo tierra, aunque las empresas m\u00e1s peque\u00f1as pueden tener una trampa de grasa en su cocina. Ambos requieren una limpieza profesional y la eliminaci\u00f3n adecuada de los residuos para garantizar que no entren en el sistema de tratamiento com\u00fan.<\/p>\n<h2>Mantenimiento de Interceptores de Grasa Comerciales<\/h2>\n<p>Nuestro personal en Eco Pump Services tiene experiencia en el bombeo, limpieza e inspecci\u00f3n de todo tipo de interceptores de grasa comerciales. Ya sea que su trampa de grasa est\u00e9 debajo del lavabo o bajo tierra, tenemos el equipo y el personal adecuados para dar todo el mantenimiento a su sistema de eliminaci\u00f3n. Vaciamos y limpiamos a fondo su trampa de grasa y la inspeccionamos en busca de da\u00f1os u obstrucciones. Una vez que se completa el servicio, volvemos a sellar su interceptor y desodorizamos el \u00e1rea antes de transportar sus desechos a un centro de eliminaci\u00f3n autorizado. Nuestros t\u00e9cnicos se aseguran de que toda la documentaci\u00f3n adecuada se presente ante las agencias requeridas y lo ayudan a mantener los registros necesarios para evitar multas y clausuras por incumplimiento.<\/p>\n<p>Cuando necesite mantenimiento o reparaciones de la trampa de grasa, contacte a Eco Pump Services. Prestamos servicios en los condados de Miami-Dade y Broward en el \u00e1rea metropolitana de Miami. Llame hoy para obtener una cotizaci\u00f3n o para programar un servicio.<\/p>\n","protected":false},"excerpt":{"rendered":"<p>Condado de Miami \u2013 Dade: Limpieza, Bombeo e Inspecciones de la Trampa de Grasa \u00bfEs due\u00f1o de un establecimiento de comida en el condado de Miami-Dade? Si necesita limpieza, bombeo e inspecciones confiables de trampas de grasa para su negocio, puede confiar en nuestros expertos en Eco Pump Services. Estamos autorizados y cualificados para realizar&#8230; <a href=\"https:\/\/www.ecopumpservices.com\/es\/miami-dade-trampa-grasa\/\" class=\"readmore\">Continue Reading<\/a><\/p>\n","protected":false},"author":1,"featured_media":0,"parent":1361,"menu_order":0,"comment_status":"closed","ping_status":"closed","template":"template-fullwidth.php","meta":{"_acf_changed":false,"footnotes":""},"class_list":["post-1370","page","type-page","status-publish"],"acf":[],"yoast_head":"<!-- This site is optimized with the Yoast SEO plugin v25.5 - https:\/\/yoast.com\/wordpress\/plugins\/seo\/ -->\n<title>Limpieza de Trampas de Grasa Miami\/Bombeo | Inspecci\u00f3n de Trampa de Grasa en el Condado de Dade<\/title>\n<meta name=\"description\" content=\"\u00bfAdministra un establecimiento de alimentos en el condado de Miami-Dade y requiere el mantenimiento de la trampa de grasa? Eco Pump Services ofrece bombeo, limpieza e inspecci\u00f3n de trampas de grasa para empresas en Miami.\" \/>\n<meta name=\"robots\" content=\"index, follow, max-snippet:-1, max-image-preview:large, max-video-preview:-1\" \/>\n<link rel=\"canonical\" href=\"https:\/\/www.ecopumpservices.com\/es\/miami-dade-trampa-grasa\/\" \/>\n<meta property=\"og:locale\" content=\"es_ES\" \/>\n<meta property=\"og:type\" content=\"article\" \/>\n<meta property=\"og:title\" content=\"Limpieza de Trampas de Grasa Miami\/Bombeo | Inspecci\u00f3n de Trampa de Grasa en el Condado de Dade\" \/>\n<meta property=\"og:description\" content=\"\u00bfAdministra un establecimiento de alimentos en el condado de Miami-Dade y requiere el mantenimiento de la trampa de grasa? Eco Pump Services ofrece bombeo, limpieza e inspecci\u00f3n de trampas de grasa para empresas en Miami.\" \/>\n<meta property=\"og:url\" content=\"https:\/\/www.ecopumpservices.com\/es\/miami-dade-trampa-grasa\/\" \/>\n<meta property=\"og:site_name\" content=\"Eco Pump Services\" \/>\n<meta property=\"article:modified_time\" content=\"2023-03-24T09:26:06+00:00\" \/>\n<meta name=\"twitter:card\" content=\"summary_large_image\" \/>\n<meta name=\"twitter:label1\" content=\"Tiempo de lectura\" \/>\n\t<meta name=\"twitter:data1\" content=\"2 minutos\" \/>\n<!-- \/ Yoast SEO plugin. -->","yoast_head_json":{"title":"Limpieza de Trampas de Grasa Miami\/Bombeo | Inspecci\u00f3n de Trampa de Grasa en el Condado de Dade","description":"\u00bfAdministra un establecimiento de alimentos en el condado de Miami-Dade y requiere el mantenimiento de la trampa de grasa? Eco Pump Services ofrece bombeo, limpieza e inspecci\u00f3n de trampas de grasa para empresas en Miami.","robots":{"index":"index","follow":"follow","max-snippet":"max-snippet:-1","max-image-preview":"max-image-preview:large","max-video-preview":"max-video-preview:-1"},"canonical":"https:\/\/www.ecopumpservices.com\/es\/miami-dade-trampa-grasa\/","og_locale":"es_ES","og_type":"article","og_title":"Limpieza de Trampas de Grasa Miami\/Bombeo | Inspecci\u00f3n de Trampa de Grasa en el Condado de Dade","og_description":"\u00bfAdministra un establecimiento de alimentos en el condado de Miami-Dade y requiere el mantenimiento de la trampa de grasa? Eco Pump Services ofrece bombeo, limpieza e inspecci\u00f3n de trampas de grasa para empresas en Miami.","og_url":"https:\/\/www.ecopumpservices.com\/es\/miami-dade-trampa-grasa\/","og_site_name":"Eco Pump Services","article_modified_time":"2023-03-24T09:26:06+00:00","twitter_card":"summary_large_image","twitter_misc":{"Tiempo de lectura":"2 minutos"},"schema":{"@context":"https:\/\/schema.org","@graph":[{"@type":"WebPage","@id":"https:\/\/www.ecopumpservices.com\/es\/miami-dade-trampa-grasa\/","url":"https:\/\/www.ecopumpservices.com\/es\/miami-dade-trampa-grasa\/","name":"Limpieza de Trampas de Grasa Miami\/Bombeo | Inspecci\u00f3n de Trampa de Grasa en el Condado de Dade","isPartOf":{"@id":"https:\/\/www.ecopumpservices.com\/es\/#website"},"datePublished":"2019-08-06T20:37:40+00:00","dateModified":"2023-03-24T09:26:06+00:00","description":"\u00bfAdministra un establecimiento de alimentos en el condado de Miami-Dade y requiere el mantenimiento de la trampa de grasa? Eco Pump Services ofrece bombeo, limpieza e inspecci\u00f3n de trampas de grasa para empresas en Miami.","breadcrumb":{"@id":"https:\/\/www.ecopumpservices.com\/es\/miami-dade-trampa-grasa\/#breadcrumb"},"inLanguage":"es","potentialAction":[{"@type":"ReadAction","target":["https:\/\/www.ecopumpservices.com\/es\/miami-dade-trampa-grasa\/"]}]},{"@type":"BreadcrumbList","@id":"https:\/\/www.ecopumpservices.com\/es\/miami-dade-trampa-grasa\/#breadcrumb","itemListElement":[{"@type":"ListItem","position":1,"name":"Home","item":"https:\/\/www.ecopumpservices.com\/es\/"},{"@type":"ListItem","position":2,"name":"Servicios","item":"https:\/\/www.ecopumpservices.com\/es\/servicios\/"},{"@type":"ListItem","position":3,"name":"Limpieza de la Trampa de Grasa","item":"https:\/\/www.ecopumpservices.com\/es\/grasa-trampa-limpieza-limpieza\/"},{"@type":"ListItem","position":4,"name":"Condado de Miami \u2013 Dade: Limpieza, Bombeo e Inspecciones de la Trampa de Grasa"}]},{"@type":"WebSite","@id":"https:\/\/www.ecopumpservices.com\/es\/#website","url":"https:\/\/www.ecopumpservices.com\/es\/","name":"Eco Pump Services","description":"","potentialAction":[{"@type":"SearchAction","target":{"@type":"EntryPoint","urlTemplate":"https:\/\/www.ecopumpservices.com\/es\/?s={search_term_string}"},"query-input":{"@type":"PropertyValueSpecification","valueRequired":true,"valueName":"search_term_string"}}],"inLanguage":"es"}]}},"_links":{"self":[{"href":"https:\/\/www.ecopumpservices.com\/es\/wp-json\/wp\/v2\/pages\/1370","targetHints":{"allow":["GET"]}}],"collection":[{"href":"https:\/\/www.ecopumpservices.com\/es\/wp-json\/wp\/v2\/pages"}],"about":[{"href":"https:\/\/www.ecopumpservices.com\/es\/wp-json\/wp\/v2\/types\/page"}],"author":[{"embeddable":true,"href":"https:\/\/www.ecopumpservices.com\/es\/wp-json\/wp\/v2\/users\/1"}],"replies":[{"embeddable":true,"href":"https:\/\/www.ecopumpservices.com\/es\/wp-json\/wp\/v2\/comments?post=1370"}],"version-history":[{"count":2,"href":"https:\/\/www.ecopumpservices.com\/es\/wp-json\/wp\/v2\/pages\/1370\/revisions"}],"predecessor-version":[{"id":1419,"href":"https:\/\/www.ecopumpservices.com\/es\/wp-json\/wp\/v2\/pages\/1370\/revisions\/1419"}],"up":[{"embeddable":true,"href":"https:\/\/www.ecopumpservices.com\/es\/wp-json\/wp\/v2\/pages\/1361"}],"wp:attachment":[{"href":"https:\/\/www.ecopumpservices.com\/es\/wp-json\/wp\/v2\/media?parent=1370"}],"curies":[{"name":"wp","href":"https:\/\/api.w.org\/{rel}","templated":true}]}}