{"id":1368,"date":"2019-08-06T20:36:14","date_gmt":"2019-08-06T20:36:14","guid":{"rendered":"https:\/\/www.ecopumpservices.com\/?page_id=1368"},"modified":"2023-03-24T09:05:58","modified_gmt":"2023-03-24T09:05:58","slug":"bombeo-de-tanques-septicos-en-el-condado-de-miami-dade","status":"publish","type":"page","link":"https:\/\/www.ecopumpservices.com\/es\/miami-dade-septico-tanque-bombeo\/","title":{"rendered":"Bombeo de Tanques S\u00e9pticos en el Condado de Miami \u2013 Dade"},"content":{"rendered":"<h1>Bombeo de Tanques S\u00e9pticos en el Condado de Miami \u2013 Dade<\/h1>\n<p>\u00bfTiene usted un sistema s\u00e9ptico en su hogar o negocio dentro del Condado de Miami-Dade? El mantenimiento de su sistema s\u00e9ptico es importante para evitar las obstrucciones de aguas residuales y para extender la vida \u00fatil de su sistema. Uno de los aspectos clave del mantenimiento s\u00e9ptico es el vaciado del tanque seg\u00fan sea necesario. Eco Pump Services tiene licencia y est\u00e1 capacitado para realizar el bombeo de fosas s\u00e9pticas comerciales y residenciales para nuestros clientes dentro del Condado de Miami-Dade.<\/p>\n<p>Durante m\u00e1s de 25 a\u00f1os, Eco Pump Services ha estado sirviendo a nuestros clientes en el \u00e1rea de Miami. Brindamos servicios profesionales que ayudan a mantener los sistemas de eliminaci\u00f3n de residuos en excelentes condiciones. Nuestros servicios incluyen bombeo s\u00e9ptico profesional para hogares y empresas. Tambi\u00e9n ofrecemos otros servicios que requieren equipos especializados de eliminaci\u00f3n de residuos, que incluyen:<\/p>\n<ul>\n<li>Bombeo y limpieza de drenaje pluvial<\/li>\n<li>L\u00ednea de alcantarillado Hydro-Jetting<\/li>\n<li>Eliminaci\u00f3n de obstrucciones en la l\u00ednea de alcantarillado<\/li>\n<li>Limpieza, inspecci\u00f3n y bombeo de trampas de grasa<\/li>\n<\/ul>\n<p>Nuestros equipos de t\u00e9cnicos est\u00e1n bien entrenados y cuentan con gran experiencia. Usted puede confiar en nosotros cuando necesite bombear el tanque s\u00e9ptico de su hogar o negocio si se encuentra dentro del Condado de Miami-Dade y sus alrededores.<\/p>\n<h2>Prevenga la Falla S\u00e9ptica con la Limpieza Peri\u00f3dica de su Tanque<\/h2>\n<p>El tanque s\u00e9ptico es un componente necesario de su sistema s\u00e9ptico. Permite que los residuos s\u00f3lidos se descompongan en l\u00edquidos y almacena los s\u00f3lidos que no se descomponen. Cuando el tanque se llena de desechos s\u00f3lidos, debe retirar los desechos y transportarlos a una instalaci\u00f3n de eliminaci\u00f3n de desechos. Nuestro equipo puede realizar este servicio vital, evitando el desbordamiento de su tanque s\u00e9ptico. Esto puede evitar las desagradables obstrucciones de aguas residuales y el fallo s\u00e9ptico en su hogar o negocio.<\/p>\n<p>Los tanques s\u00e9pticos deben ser vaciados peri\u00f3dicamente. La mayor\u00eda de los sistemas s\u00e9pticos residenciales necesitan un bombeo cada 3-4 a\u00f1os, mientras que los sistemas comerciales pueden necesitar servicio cada a\u00f1o. Si es el momento de limpiar su tanque s\u00e9ptico, ll\u00e1menos a Eco Pump Services. Ofrecemos bombeo y limpieza de tanques s\u00e9pticos de una manera confiable y de alta calidad dentro del Condado de Miami-Dade.<\/p>\n","protected":false},"excerpt":{"rendered":"<p>Bombeo de Tanques S\u00e9pticos en el Condado de Miami \u2013 Dade \u00bfTiene usted un sistema s\u00e9ptico en su hogar o negocio dentro del Condado de Miami-Dade? El mantenimiento de su sistema s\u00e9ptico es importante para evitar las obstrucciones de aguas residuales y para extender la vida \u00fatil de su sistema. Uno de los aspectos clave&#8230; <a href=\"https:\/\/www.ecopumpservices.com\/es\/miami-dade-septico-tanque-bombeo\/\" class=\"readmore\">Continue Reading<\/a><\/p>\n","protected":false},"author":1,"featured_media":0,"parent":1359,"menu_order":0,"comment_status":"closed","ping_status":"closed","template":"template-fullwidth.php","meta":{"_acf_changed":false,"footnotes":""},"class_list":["post-1368","page","type-page","status-publish"],"acf":[],"yoast_head":"<!-- This site is optimized with the Yoast SEO plugin v25.5 - https:\/\/yoast.com\/wordpress\/plugins\/seo\/ -->\n<title>Bombeo de Tanques S\u00e9pticos en Miami, FL | Servicio de Limpieza S\u00e9ptica en el Condado de Miami Dade<\/title>\n<meta name=\"description\" content=\"\u00bfSu tanque s\u00e9ptico en el Condado de Miami-Dade necesita bombeo y limpieza de rutina? Llame a los expertos en Eco Pump Services. Podemos bombear y limpiar su tanque s\u00e9ptico para mantener su sistema s\u00e9ptico en perfectas condiciones.\" \/>\n<meta name=\"robots\" content=\"index, follow, max-snippet:-1, max-image-preview:large, max-video-preview:-1\" \/>\n<link rel=\"canonical\" href=\"https:\/\/www.ecopumpservices.com\/es\/miami-dade-septico-tanque-bombeo\/\" \/>\n<meta property=\"og:locale\" content=\"es_ES\" \/>\n<meta property=\"og:type\" content=\"article\" \/>\n<meta property=\"og:title\" content=\"Bombeo de Tanques S\u00e9pticos en Miami, FL | Servicio de Limpieza S\u00e9ptica en el Condado de Miami Dade\" \/>\n<meta property=\"og:description\" content=\"\u00bfSu tanque s\u00e9ptico en el Condado de Miami-Dade necesita bombeo y limpieza de rutina? Llame a los expertos en Eco Pump Services. Podemos bombear y limpiar su tanque s\u00e9ptico para mantener su sistema s\u00e9ptico en perfectas condiciones.\" \/>\n<meta property=\"og:url\" content=\"https:\/\/www.ecopumpservices.com\/es\/miami-dade-septico-tanque-bombeo\/\" \/>\n<meta property=\"og:site_name\" content=\"Eco Pump Services\" \/>\n<meta property=\"article:modified_time\" content=\"2023-03-24T09:05:58+00:00\" \/>\n<meta name=\"twitter:card\" content=\"summary_large_image\" \/>\n<meta name=\"twitter:label1\" content=\"Tiempo de lectura\" \/>\n\t<meta name=\"twitter:data1\" content=\"2 minutos\" \/>\n<!-- \/ Yoast SEO plugin. -->","yoast_head_json":{"title":"Bombeo de Tanques S\u00e9pticos en Miami, FL | Servicio de Limpieza S\u00e9ptica en el Condado de Miami Dade","description":"\u00bfSu tanque s\u00e9ptico en el Condado de Miami-Dade necesita bombeo y limpieza de rutina? Llame a los expertos en Eco Pump Services. Podemos bombear y limpiar su tanque s\u00e9ptico para mantener su sistema s\u00e9ptico en perfectas condiciones.","robots":{"index":"index","follow":"follow","max-snippet":"max-snippet:-1","max-image-preview":"max-image-preview:large","max-video-preview":"max-video-preview:-1"},"canonical":"https:\/\/www.ecopumpservices.com\/es\/miami-dade-septico-tanque-bombeo\/","og_locale":"es_ES","og_type":"article","og_title":"Bombeo de Tanques S\u00e9pticos en Miami, FL | Servicio de Limpieza S\u00e9ptica en el Condado de Miami Dade","og_description":"\u00bfSu tanque s\u00e9ptico en el Condado de Miami-Dade necesita bombeo y limpieza de rutina? Llame a los expertos en Eco Pump Services. Podemos bombear y limpiar su tanque s\u00e9ptico para mantener su sistema s\u00e9ptico en perfectas condiciones.","og_url":"https:\/\/www.ecopumpservices.com\/es\/miami-dade-septico-tanque-bombeo\/","og_site_name":"Eco Pump Services","article_modified_time":"2023-03-24T09:05:58+00:00","twitter_card":"summary_large_image","twitter_misc":{"Tiempo de lectura":"2 minutos"},"schema":{"@context":"https:\/\/schema.org","@graph":[{"@type":"WebPage","@id":"https:\/\/www.ecopumpservices.com\/es\/miami-dade-septico-tanque-bombeo\/","url":"https:\/\/www.ecopumpservices.com\/es\/miami-dade-septico-tanque-bombeo\/","name":"Bombeo de Tanques S\u00e9pticos en Miami, FL | Servicio de Limpieza S\u00e9ptica en el Condado de Miami Dade","isPartOf":{"@id":"https:\/\/www.ecopumpservices.com\/es\/#website"},"datePublished":"2019-08-06T20:36:14+00:00","dateModified":"2023-03-24T09:05:58+00:00","description":"\u00bfSu tanque s\u00e9ptico en el Condado de Miami-Dade necesita bombeo y limpieza de rutina? Llame a los expertos en Eco Pump Services. Podemos bombear y limpiar su tanque s\u00e9ptico para mantener su sistema s\u00e9ptico en perfectas condiciones.","breadcrumb":{"@id":"https:\/\/www.ecopumpservices.com\/es\/miami-dade-septico-tanque-bombeo\/#breadcrumb"},"inLanguage":"es","potentialAction":[{"@type":"ReadAction","target":["https:\/\/www.ecopumpservices.com\/es\/miami-dade-septico-tanque-bombeo\/"]}]},{"@type":"BreadcrumbList","@id":"https:\/\/www.ecopumpservices.com\/es\/miami-dade-septico-tanque-bombeo\/#breadcrumb","itemListElement":[{"@type":"ListItem","position":1,"name":"Home","item":"https:\/\/www.ecopumpservices.com\/es\/"},{"@type":"ListItem","position":2,"name":"Servicios","item":"https:\/\/www.ecopumpservices.com\/es\/servicios\/"},{"@type":"ListItem","position":3,"name":"Bombeo de Tanque S\u00e9ptico","item":"https:\/\/www.ecopumpservices.com\/es\/septico-tanque-bombeo\/"},{"@type":"ListItem","position":4,"name":"Bombeo de Tanques S\u00e9pticos en el Condado de Miami \u2013 Dade"}]},{"@type":"WebSite","@id":"https:\/\/www.ecopumpservices.com\/es\/#website","url":"https:\/\/www.ecopumpservices.com\/es\/","name":"Eco Pump Services","description":"","potentialAction":[{"@type":"SearchAction","target":{"@type":"EntryPoint","urlTemplate":"https:\/\/www.ecopumpservices.com\/es\/?s={search_term_string}"},"query-input":{"@type":"PropertyValueSpecification","valueRequired":true,"valueName":"search_term_string"}}],"inLanguage":"es"}]}},"_links":{"self":[{"href":"https:\/\/www.ecopumpservices.com\/es\/wp-json\/wp\/v2\/pages\/1368","targetHints":{"allow":["GET"]}}],"collection":[{"href":"https:\/\/www.ecopumpservices.com\/es\/wp-json\/wp\/v2\/pages"}],"about":[{"href":"https:\/\/www.ecopumpservices.com\/es\/wp-json\/wp\/v2\/types\/page"}],"author":[{"embeddable":true,"href":"https:\/\/www.ecopumpservices.com\/es\/wp-json\/wp\/v2\/users\/1"}],"replies":[{"embeddable":true,"href":"https:\/\/www.ecopumpservices.com\/es\/wp-json\/wp\/v2\/comments?post=1368"}],"version-history":[{"count":2,"href":"https:\/\/www.ecopumpservices.com\/es\/wp-json\/wp\/v2\/pages\/1368\/revisions"}],"predecessor-version":[{"id":1513,"href":"https:\/\/www.ecopumpservices.com\/es\/wp-json\/wp\/v2\/pages\/1368\/revisions\/1513"}],"up":[{"embeddable":true,"href":"https:\/\/www.ecopumpservices.com\/es\/wp-json\/wp\/v2\/pages\/1359"}],"wp:attachment":[{"href":"https:\/\/www.ecopumpservices.com\/es\/wp-json\/wp\/v2\/media?parent=1368"}],"curies":[{"name":"wp","href":"https:\/\/api.w.org\/{rel}","templated":true}]}}