{"id":1352,"date":"2019-08-06T20:24:11","date_gmt":"2019-08-06T20:24:11","guid":{"rendered":"https:\/\/www.ecopumpservices.com\/?page_id=1352"},"modified":"2023-03-24T09:25:19","modified_gmt":"2023-03-24T09:25:19","slug":"pagina-de-inicio","status":"publish","type":"page","link":"https:\/\/www.ecopumpservices.com\/es\/","title":{"rendered":"P\u00e1gina de Inicio"},"content":{"rendered":"<h1>Eco Pump Services &#8211; Limpieza de la Trampa de Grasa y Bombeo del Tanque S\u00e9ptico<\/h1>\n<p>El mantenimiento de su hogar o negocio requiere de servicio para sus sistemas de eliminaci\u00f3n de residuos. Los tanques s\u00e9pticos, las trampas de grasa, las alcantarillas y los desag\u00fces pluviales necesitan limpieza y mantenimiento para evitar problemas a la hora de la eliminaci\u00f3n de desechos. En Eco Pump Services, llevamos m\u00e1s de 25 a\u00f1os brindando servicios de calidad de eliminaci\u00f3n de residuos para residentes y due\u00f1os de negocios en el Condado de Broward. Somos la compa\u00f1\u00eda en la que puede confiar cuando necesite limpieza de la trampa de grasa o bombeo de fosas s\u00e9pticas.<\/p>\n<p>Los equipos de eliminaci\u00f3n de desechos, como los tanques s\u00e9pticos, los interceptores de grasa y los desag\u00fces pluviales, pueden requerir de un servicio profesional para su mantenimiento. Cuando estos recipientes est\u00e1n llenos, deben ser bombeados y limpiados y los desechos deben transportarse a una instalaci\u00f3n de eliminaci\u00f3n adecuada. Eco Pump Services est\u00e1 equipado con camiones de bombeo de calidad, equipos de bombeo, aspiradoras comerciales y otras herramientas necesarias para realizar estas limpiezas especializadas. Tambi\u00e9n contamos con t\u00e9cnicos altamente experimentados y cualificados, que garantizan que el mantenimiento se realice de manera eficiente y correcta en todo momento, para nuestros clientes.<\/p>\n<h2>Bombeo y Limpieza de Fosas S\u00e9pticas<\/h2>\n<p>Uno de los servicios m\u00e1s importantes que se necesitan para dar mantenimiento a un sistema s\u00e9ptico es el bombeo y la limpieza de rutina del tanque s\u00e9ptico. Los tanques s\u00e9pticos acumulan residuos s\u00f3lidos y permiten que algunos s\u00f3lidos se disuelvan en el l\u00edquido que se filtra a trav\u00e9s del sistema s\u00e9ptico. Los subproductos sobrantes de la descomposici\u00f3n de los residuos s\u00f3lidos se quedan dentro del tanque s\u00e9ptico. Estos deben ser bombeados f\u00edsicamente y llevados a una instalaci\u00f3n de eliminaci\u00f3n. La mayor\u00eda de los tanques residenciales deben limpiarse y bombearse cada 3-5 a\u00f1os, mientras que los sistemas s\u00e9pticos comerciales deben bombearse una vez al a\u00f1o o incluso con mayor frecuencia.<\/p>\n<p>Eco Pump Services ofrece bombeo y limpieza de fosas s\u00e9pticas comerciales y residenciales para nuestros clientes en el gran \u00e1rea de los condados de Miami y Broward. Usted puede esperar un servicio eficiente y de calidad por parte de nuestros profesionales de bombeo de tanques s\u00e9pticos.<\/p>\n<h3>Trampa de Grasa &#8211; Bombeo, Limpieza e Inspecciones<\/h3>\n<p>Los restaurantes, las tiendas de comestibles y otras instalaciones que deben usar trampas de grasa para filtrar las aguas residuales, deben cumplir con los est\u00e1ndares de mantenimiento que exige el gobierno. Eco Pump Services tiene licencia y est\u00e1 capacitado para realizar el bombeo, la limpieza y las inspecciones de la trampa de grasa, as\u00ed como para realizar las reparaciones necesarias. Bombeamos y aspiramos a fondo los interceptores de grasa antes de limpiar e inspeccionar el equipo. Una vez completado el trabajo, transportamos los desechos eliminados a una instalaci\u00f3n de eliminaci\u00f3n autorizada y archivamos electr\u00f3nicamente el manifiesto y otros documentos para las agencias gubernamentales requeridas.<\/p>\n<p>El mantenimiento de la trampa de grasa se debe realizar para cumplir con los requisitos m\u00ednimos y para el cumplimiento con la norma gubernamental. Es posible que algunas empresas solo necesiten bombeo o inspecciones cada 90 a 180 d\u00edas, seg\u00fan los requisitos locales. Muchos de nuestros clientes requieren un servicio m\u00e1s peri\u00f3dico para dar mantenimiento a sus trampas de grasa, una o dos veces al mes. Ofrecemos planes de mantenimiento o servicio desde una sola vez hasta las que sean necesarias para su negocio.<\/p>\n<h3>Limpieza de Aguas Pluviales y Alcantarillado<\/h3>\n<p>Adem\u00e1s de bombear y limpiar tanques s\u00e9pticos y trampas de grasa, tambi\u00e9n ofrecemos bombeo de drenaje pluvial, limpieza e Hydro-Jetting para l\u00edneas de drenaje de alcantarillado. Si tiene un desag\u00fce pluvial obstruido que inunda su estacionamiento o una obstrucci\u00f3n en la l\u00ednea de alcantarillado que causa una obstrucci\u00f3n, cont\u00e1ctenos de inmediato para el servicio de emergencia. Contamos con equipo especializado para eliminar hojas y escombros de los desag\u00fces pluviales. Nuestro equipo puede destapar las tuber\u00edas de alcantarillado subterr\u00e1neas con l\u00edneas de cable de serpiente o Hydro-Jetting.<\/p>\n<p>Eco Pump Services se dedica a brindar un excelente servicio a todos nuestros clientes. Invertimos en equipos de la m\u00e1s alta calidad y contamos con un equipo experimentado de t\u00e9cnicos profesionales en residuos. Puede esperar que nuestro personal realice todos los servicios de manera eficiente para cumplir y superar sus expectativas. P\u00f3ngase en contacto con nosotros para obtener un presupuesto gratuito para la limpieza, el bombeo y las inspecciones de las trampas de grasa en el condado de Broward. Esto incluye la limpieza de fosas s\u00e9pticas, drenaje pluvial y alcantarillado.<\/p>\n","protected":false},"excerpt":{"rendered":"<p>Eco Pump Services &#8211; Limpieza de la Trampa de Grasa y Bombeo del Tanque S\u00e9ptico El mantenimiento de su hogar o negocio requiere de servicio para sus sistemas de eliminaci\u00f3n de residuos. Los tanques s\u00e9pticos, las trampas de grasa, las alcantarillas y los desag\u00fces pluviales necesitan limpieza y mantenimiento para evitar problemas a la hora&#8230; <a href=\"https:\/\/www.ecopumpservices.com\/es\/\" class=\"readmore\">Continue Reading<\/a><\/p>\n","protected":false},"author":1,"featured_media":0,"parent":0,"menu_order":-1,"comment_status":"closed","ping_status":"closed","template":"template-landing.php","meta":{"_acf_changed":false,"footnotes":""},"class_list":["post-1352","page","type-page","status-publish"],"acf":[],"yoast_head":"<!-- This site is optimized with the Yoast SEO plugin v25.5 - https:\/\/yoast.com\/wordpress\/plugins\/seo\/ -->\n<title>Limpieza de Trampa de Grasa en Ft. Lauderdale \/ Bombeo | Servicio de Tanque S\u00e9ptico de Miami<\/title>\n<meta name=\"description\" content=\"Para el mantenimiento eficiente y de calidad del tanque s\u00e9ptico de bombeo o la trampa de grasa, llame a Eco Pump Services, para atenci\u00f3n cerca de Miami o Ft. Lauderdale, FL. Ofrecemos tambi\u00e9n bombeo y limpieza de fosas s\u00e9pticas y trampas de grasa.\" \/>\n<meta name=\"robots\" content=\"index, follow, max-snippet:-1, max-image-preview:large, max-video-preview:-1\" \/>\n<link rel=\"canonical\" href=\"https:\/\/www.ecopumpservices.com\/es\/\" \/>\n<meta property=\"og:locale\" content=\"es_ES\" \/>\n<meta property=\"og:type\" content=\"article\" \/>\n<meta property=\"og:title\" content=\"Limpieza de Trampa de Grasa en Ft. Lauderdale \/ Bombeo | Servicio de Tanque S\u00e9ptico de Miami\" \/>\n<meta property=\"og:description\" content=\"Para el mantenimiento eficiente y de calidad del tanque s\u00e9ptico de bombeo o la trampa de grasa, llame a Eco Pump Services, para atenci\u00f3n cerca de Miami o Ft. Lauderdale, FL. Ofrecemos tambi\u00e9n bombeo y limpieza de fosas s\u00e9pticas y trampas de grasa.\" \/>\n<meta property=\"og:url\" content=\"https:\/\/www.ecopumpservices.com\/es\/\" \/>\n<meta property=\"og:site_name\" content=\"Eco Pump Services\" \/>\n<meta property=\"article:modified_time\" content=\"2023-03-24T09:25:19+00:00\" \/>\n<meta name=\"twitter:card\" content=\"summary_large_image\" \/>\n<meta name=\"twitter:label1\" content=\"Tiempo de lectura\" \/>\n\t<meta name=\"twitter:data1\" content=\"4 minutos\" \/>\n<!-- \/ Yoast SEO plugin. -->","yoast_head_json":{"title":"Limpieza de Trampa de Grasa en Ft. Lauderdale \/ Bombeo | Servicio de Tanque S\u00e9ptico de Miami","description":"Para el mantenimiento eficiente y de calidad del tanque s\u00e9ptico de bombeo o la trampa de grasa, llame a Eco Pump Services, para atenci\u00f3n cerca de Miami o Ft. Lauderdale, FL. Ofrecemos tambi\u00e9n bombeo y limpieza de fosas s\u00e9pticas y trampas de grasa.","robots":{"index":"index","follow":"follow","max-snippet":"max-snippet:-1","max-image-preview":"max-image-preview:large","max-video-preview":"max-video-preview:-1"},"canonical":"https:\/\/www.ecopumpservices.com\/es\/","og_locale":"es_ES","og_type":"article","og_title":"Limpieza de Trampa de Grasa en Ft. Lauderdale \/ Bombeo | Servicio de Tanque S\u00e9ptico de Miami","og_description":"Para el mantenimiento eficiente y de calidad del tanque s\u00e9ptico de bombeo o la trampa de grasa, llame a Eco Pump Services, para atenci\u00f3n cerca de Miami o Ft. Lauderdale, FL. Ofrecemos tambi\u00e9n bombeo y limpieza de fosas s\u00e9pticas y trampas de grasa.","og_url":"https:\/\/www.ecopumpservices.com\/es\/","og_site_name":"Eco Pump Services","article_modified_time":"2023-03-24T09:25:19+00:00","twitter_card":"summary_large_image","twitter_misc":{"Tiempo de lectura":"4 minutos"},"schema":{"@context":"https:\/\/schema.org","@graph":[{"@type":"WebPage","@id":"https:\/\/www.ecopumpservices.com\/es\/","url":"https:\/\/www.ecopumpservices.com\/es\/","name":"Limpieza de Trampa de Grasa en Ft. Lauderdale \/ Bombeo | Servicio de Tanque S\u00e9ptico de Miami","isPartOf":{"@id":"https:\/\/www.ecopumpservices.com\/es\/#website"},"datePublished":"2019-08-06T20:24:11+00:00","dateModified":"2023-03-24T09:25:19+00:00","description":"Para el mantenimiento eficiente y de calidad del tanque s\u00e9ptico de bombeo o la trampa de grasa, llame a Eco Pump Services, para atenci\u00f3n cerca de Miami o Ft. Lauderdale, FL. Ofrecemos tambi\u00e9n bombeo y limpieza de fosas s\u00e9pticas y trampas de grasa.","breadcrumb":{"@id":"https:\/\/www.ecopumpservices.com\/es\/#breadcrumb"},"inLanguage":"es","potentialAction":[{"@type":"ReadAction","target":["https:\/\/www.ecopumpservices.com\/es\/"]}]},{"@type":"BreadcrumbList","@id":"https:\/\/www.ecopumpservices.com\/es\/#breadcrumb","itemListElement":[{"@type":"ListItem","position":1,"name":"Home","item":"https:\/\/www.ecopumpservices.com\/es\/"},{"@type":"ListItem","position":2,"name":"P\u00e1gina de Inicio"}]},{"@type":"WebSite","@id":"https:\/\/www.ecopumpservices.com\/es\/#website","url":"https:\/\/www.ecopumpservices.com\/es\/","name":"Eco Pump Services","description":"","potentialAction":[{"@type":"SearchAction","target":{"@type":"EntryPoint","urlTemplate":"https:\/\/www.ecopumpservices.com\/es\/?s={search_term_string}"},"query-input":{"@type":"PropertyValueSpecification","valueRequired":true,"valueName":"search_term_string"}}],"inLanguage":"es"}]}},"_links":{"self":[{"href":"https:\/\/www.ecopumpservices.com\/es\/wp-json\/wp\/v2\/pages\/1352","targetHints":{"allow":["GET"]}}],"collection":[{"href":"https:\/\/www.ecopumpservices.com\/es\/wp-json\/wp\/v2\/pages"}],"about":[{"href":"https:\/\/www.ecopumpservices.com\/es\/wp-json\/wp\/v2\/types\/page"}],"author":[{"embeddable":true,"href":"https:\/\/www.ecopumpservices.com\/es\/wp-json\/wp\/v2\/users\/1"}],"replies":[{"embeddable":true,"href":"https:\/\/www.ecopumpservices.com\/es\/wp-json\/wp\/v2\/comments?post=1352"}],"version-history":[{"count":3,"href":"https:\/\/www.ecopumpservices.com\/es\/wp-json\/wp\/v2\/pages\/1352\/revisions"}],"predecessor-version":[{"id":1413,"href":"https:\/\/www.ecopumpservices.com\/es\/wp-json\/wp\/v2\/pages\/1352\/revisions\/1413"}],"wp:attachment":[{"href":"https:\/\/www.ecopumpservices.com\/es\/wp-json\/wp\/v2\/media?parent=1352"}],"curies":[{"name":"wp","href":"https:\/\/api.w.org\/{rel}","templated":true}]}}